{"id":22,"date":"2026-04-16T08:43:35","date_gmt":"2026-04-16T08:43:35","guid":{"rendered":"https:\/\/prinzip-restaurant.com\/?page_id=22"},"modified":"2026-04-17T10:59:30","modified_gmt":"2026-04-17T10:59:30","slug":"impressum","status":"publish","type":"page","link":"https:\/\/prinzip-restaurant.com\/balkanski\/impressum\/","title":{"rendered":"Impresum"},"content":{"rendered":"\t\t<div data-elementor-type=\"wp-page\" data-elementor-id=\"22\" class=\"elementor elementor-22\" data-elementor-post-type=\"page\">\n\t\t\t\t<div class=\"elementor-element elementor-element-95cb4e5 e-con-full e-flex e-con e-parent\" data-id=\"95cb4e5\" data-element_type=\"container\" data-e-type=\"container\" data-settings=\"{&quot;background_background&quot;:&quot;classic&quot;}\">\n\t\t<div class=\"elementor-element elementor-element-e69c42b e-flex e-con-boxed e-con e-child\" data-id=\"e69c42b\" data-element_type=\"container\" data-e-type=\"container\">\n\t\t\t\t\t<div class=\"e-con-inner\">\n\t\t\t\t<div class=\"elementor-element elementor-element-040d7fb elementor-widget elementor-widget-heading\" data-id=\"040d7fb\" data-element_type=\"widget\" data-e-type=\"widget\" data-widget_type=\"heading.default\">\n\t\t\t\t\t<h2 class=\"elementor-heading-title elementor-size-default\">Impressum<\/h2>\t\t\t\t<\/div>\n\t\t<div class=\"elementor-element elementor-element-30ce704 e-con-full e-grid e-con e-child\" data-id=\"30ce704\" data-element_type=\"container\" data-e-type=\"container\">\n\t\t<div class=\"elementor-element elementor-element-95d98d7 e-con-full e-flex e-con e-child\" data-id=\"95d98d7\" data-element_type=\"container\" data-e-type=\"container\" data-settings=\"{&quot;sticky&quot;:&quot;top&quot;,&quot;sticky_parent&quot;:&quot;yes&quot;,&quot;sticky_on&quot;:[&quot;desktop&quot;,&quot;tablet&quot;],&quot;sticky_offset&quot;:0,&quot;sticky_effects_offset&quot;:0,&quot;sticky_anchor_link_offset&quot;:0}\">\n\t\t\t\t\t\t\t\n\t\t<img class=\"e-image-base \" \n\t\t\t\t\tdata-interaction-id=\"76a3347\" \n\t\t \n\t\t \n\t\t\t\t\t\t\t\t\tid=\"25\"\n\t\t\t\t\t\t\t\t\t\t\t\tsrc=\"https:\/\/prinzip-restaurant.com\/wp-content\/uploads\/2026\/04\/rsw_800cg_truem.webp\"\n\t\t\t\t\t\t\t\t\t\t\t\twidth=\"800\"\n\t\t\t\t\t\t\t\t\t\t\t\theight=\"800\"\n\t\t\t\t\t\t\t\t\t\t\t\tsrcset=\"https:\/\/prinzip-restaurant.com\/wp-content\/uploads\/2026\/04\/rsw_800cg_truem.webp 800w, https:\/\/prinzip-restaurant.com\/wp-content\/uploads\/2026\/04\/rsw_800cg_truem-300x300.webp 300w, https:\/\/prinzip-restaurant.com\/wp-content\/uploads\/2026\/04\/rsw_800cg_truem-150x150.webp 150w, https:\/\/prinzip-restaurant.com\/wp-content\/uploads\/2026\/04\/rsw_800cg_truem-768x768.webp 768w\"\n\t\t\t\t\t\t\t\t\t\t\t\talt=\"\"\n\t\t\t\t\t\t\/>\n\t\t\t\t\t<\/div>\n\t\t<div class=\"elementor-element elementor-element-b2b191d e-con-full e-flex e-con e-child\" data-id=\"b2b191d\" data-element_type=\"container\" data-e-type=\"container\">\n\t\t\t\t\t\t\t\t<p class=\"e-ab9db96-1cad225 e-paragraph-base\" data-interaction-id=\"ab9db96\"  >\n\t\t\t\t\t\t\t\tAngaben gem\u00e4\u00df \u00a7 5 TMG <strong>Patiala Gastro GmbH<\/strong><br>Pettenkoferstra\u00dfe 2,&nbsp;80336 M\u00fcnchen-Ludwigsvorstadt-Isarvorstadt, Deutschland\n\t\t\t\t\t<\/p>\n\t\t\t\t\t\t\t\t<p class=\"e-c1850ea-d4b6c25 e-paragraph-base\" data-interaction-id=\"c1850ea\"  >\n\t\t\t\t\t\t\t\t\u00dcber uns<br><br><strong>Kontakt<\/strong><br>Telephone:<br>Email: <a target=\"_blank\" href=\"mailto:info@prinzip-restaurant.com\">info@prinzip-restaurant.com<\/a><br>Website: [ <a target=\"_blank\" href=\"http:\/\/www.deinedomain.de\/\" rel=\"noopener\">www.prinzip-restaurant.com<\/a> ]&nbsp;\n\t\t\t\t\t<\/p>\n\t\t\t\t\t\t\t\t<p class=\"e-e040b5a-f011f5b e-paragraph-base\" data-interaction-id=\"e040b5a\"  >\n\t\t\t\t\t\t\t\t<strong>Vertreten durch<\/strong><br><br>Stefan Knezevic\n\t\t\t\t\t<\/p>\n\t\t\t\t\t\t\t\t<p class=\"e-ca4e6f6-3a49ff9 e-paragraph-base\" data-interaction-id=\"ca4e6f6\"  >\n\t\t\t\t\t\t\t\t<strong>Rechtsform<\/strong><br><br>GmbH\n\t\t\t\t\t<\/p>\n\t\t\t\t\t\t\t\t<p class=\"e-d6d1082-90f0b25 e-paragraph-base\" data-interaction-id=\"d6d1082\"  >\n\t\t\t\t\t\t\t\t<strong>Unsere Bewertungen<\/strong><br><br><strong>EU-Streitschlichtung<\/strong><br>Die Europ\u00e4ische Kommission stellt eine Plattform zur Online-Streitbeilegung (OS) bereit:<br><a target=\"_blank\" href=\"https:\/\/ec.europa.eu\/consumers\/odr\/\" rel=\"noopener\">https:\/\/ec.europa.eu\/consumers\/odr\/<\/a>Unsere <br>E-Mail-Adresse finden Sie oben im Impressum.<br><strong>Verbraucherstreitbeilegung \/ Universalschlichtungsstelle<\/strong><br><br>Wir sind nicht verpflichtet und nicht bereit, an Streitbeilegungsverfahren vor einer Verbraucherschlichtungsstelle teilzunehmen.<br><br><strong>Haftung f\u00fcr Inhalte<\/strong><br>Als Diensteanbieter sind wir gem\u00e4\u00df \u00a7 7 Abs.1 TMG f\u00fcr eigene Inhalte auf diesen Seiten nach den allgemeinen Gesetzen verantwortlich.<br>Nach \u00a7\u00a7 8 bis 10 TMG sind wir als Diensteanbieter jedoch nicht verpflichtet, \u00fcbermittelte oder gespeicherte fremde Informationen zu \u00fcberwachen oder nach Umst\u00e4nden zu forschen, die auf eine rechtswidrige T\u00e4tigkeit hinweisen.<br><br><strong>Haftung f\u00fcr Links<\/strong><br>Unser Angebot enth\u00e4lt Links zu externen Websites Dritter, auf deren Inhalte wir keinen Einfluss haben.<br>Deshalb k\u00f6nnen wir f\u00fcr diese fremden Inhalte auch keine Gew\u00e4hr \u00fcbernehmen.<br>F\u00fcr die Inhalte der verlinkten Seiten ist stets der jeweilige Anbieter oder Betreiber der Seiten verantwortlich.<br><strong>Urheberrecht<\/strong><br>Die durch die Seitenbetreiber erstellten Inhalte und Werke auf diesen Seiten unterliegen dem deutschen Urheberrecht.<br>Die Vervielf\u00e4ltigung, Bearbeitung, Verbreitung und jede Art der Verwertung au\u00dferhalb der Grenzen des Urheberrechtes bed\u00fcrfen der schriftlichen Zustimmung des jeweiligen Autors bzw. Erstellers.\n\t\t\t\t\t<\/p>\n\t\t\t\t<\/div>\n\t\t\t\t<\/div>\n\t\t\t\t\t<\/div>\n\t\t\t\t<\/div>\n\t\t\t\t<\/div>\n\t\t\t\t<\/div>\n\t\t","protected":false},"excerpt":{"rendered":"<p>Impressum Angaben gem\u00e4\u00df \u00a7 5 TMG Patiala Gastro GmbHPettenkoferstra\u00dfe 2,&nbsp;80336 M\u00fcnchen-Ludwigsvorstadt-Isarvorstadt, Deutschland \u00dcber uns KontaktTelephone:Email: info@prinzip-restaurant.comWebsite: [ www.prinzip-restaurant.com ]&nbsp; Vertreten durch Stefan Knezevic Rechtsform GmbH Unsere Bewertungen EU-StreitschlichtungDie Europ\u00e4ische Kommission stellt eine Plattform zur Online-Streitbeilegung (OS) bereit:https:\/\/ec.europa.eu\/consumers\/odr\/Unsere E-Mail-Adresse finden Sie oben im Impressum.Verbraucherstreitbeilegung \/ Universalschlichtungsstelle Wir sind nicht verpflichtet und nicht bereit, an Streitbeilegungsverfahren vor [&hellip;]<\/p>\n","protected":false},"author":1,"featured_media":0,"parent":0,"menu_order":0,"comment_status":"closed","ping_status":"closed","template":"elementor_header_footer","meta":{"footnotes":""},"class_list":["post-22","page","type-page","status-publish","hentry"],"_links":{"self":[{"href":"https:\/\/prinzip-restaurant.com\/balkanski\/wp-json\/wp\/v2\/pages\/22","targetHints":{"allow":["GET"]}}],"collection":[{"href":"https:\/\/prinzip-restaurant.com\/balkanski\/wp-json\/wp\/v2\/pages"}],"about":[{"href":"https:\/\/prinzip-restaurant.com\/balkanski\/wp-json\/wp\/v2\/types\/page"}],"author":[{"embeddable":true,"href":"https:\/\/prinzip-restaurant.com\/balkanski\/wp-json\/wp\/v2\/users\/1"}],"replies":[{"embeddable":true,"href":"https:\/\/prinzip-restaurant.com\/balkanski\/wp-json\/wp\/v2\/comments?post=22"}],"version-history":[{"count":43,"href":"https:\/\/prinzip-restaurant.com\/balkanski\/wp-json\/wp\/v2\/pages\/22\/revisions"}],"predecessor-version":[{"id":213,"href":"https:\/\/prinzip-restaurant.com\/balkanski\/wp-json\/wp\/v2\/pages\/22\/revisions\/213"}],"wp:attachment":[{"href":"https:\/\/prinzip-restaurant.com\/balkanski\/wp-json\/wp\/v2\/media?parent=22"}],"curies":[{"name":"wp","href":"https:\/\/api.w.org\/{rel}","templated":true}]}}