{"id":63,"date":"2026-04-16T09:13:29","date_gmt":"2026-04-16T09:13:29","guid":{"rendered":"https:\/\/prinzip-restaurant.com\/?page_id=63"},"modified":"2026-04-17T19:18:48","modified_gmt":"2026-04-17T19:18:48","slug":"starter-seite","status":"publish","type":"page","link":"https:\/\/prinzip-restaurant.com\/balkanski\/","title":{"rendered":"Starter seite"},"content":{"rendered":"<div data-elementor-type=\"wp-page\" data-elementor-id=\"63\" class=\"elementor elementor-63\" data-elementor-post-type=\"page\">\n\t\t\t\t<div class=\"elementor-element elementor-element-195177a e-con-full e-flex e-con e-parent\" data-id=\"195177a\" data-element_type=\"container\" data-e-type=\"container\">\n\t\t<div class=\"elementor-element elementor-element-c7541a6 e-con-full e-flex e-con e-child\" data-id=\"c7541a6\" data-element_type=\"container\" data-e-type=\"container\" data-settings=\"{&quot;background_background&quot;:&quot;classic&quot;}\">\n\t\t<div class=\"elementor-element elementor-element-c5d4213 e-flex e-con-boxed elementor-invisible e-con e-child\" data-id=\"c5d4213\" data-element_type=\"container\" data-e-type=\"container\" data-settings=\"{&quot;animation&quot;:&quot;fadeInUp&quot;}\">\n\t\t\t\t\t<div class=\"e-con-inner\">\n\t\t\t\t<div class=\"elementor-element elementor-element-62fb7e3 elementor-widget elementor-widget-heading\" data-id=\"62fb7e3\" data-element_type=\"widget\" data-e-type=\"widget\" data-widget_type=\"heading.default\">\n\t\t\t\t\t<h2 class=\"elementor-heading-title elementor-size-default\">U principu, dobra balkanska hrana\/muzika<\/h2>\t\t\t\t<\/div>\n\t\t\t\t<div class=\"elementor-element elementor-element-a7057e1 elementor-widget elementor-widget-heading\" data-id=\"a7057e1\" data-element_type=\"widget\" data-e-type=\"widget\" data-widget_type=\"heading.default\">\n\t\t\t\t\t<h2 class=\"elementor-heading-title elementor-size-default\">U\u017eivajte u posebnim jelima u na\u0161em balkanskom restoranu \u2013 u atmosferi koja vas povezuje, uz balkansku muziku i muzi\u010dke elemente svakog petka i subote. <\/h2>\t\t\t\t<\/div>\n\t\t\t\t<div class=\"elementor-element elementor-element-9d751a5 elementor-widget elementor-widget-button\" data-id=\"9d751a5\" data-element_type=\"widget\" data-e-type=\"widget\" data-widget_type=\"button.default\">\n\t\t\t\t\t\t\t\t\t\t<a class=\"elementor-button elementor-button-link elementor-size-sm\" href=\"tel:+49%201632633006\">\n\t\t\t\t\t\t<span class=\"elementor-button-content-wrapper\">\n\t\t\t\t\t\t\t\t\t<span class=\"elementor-button-text\">Rezervi\u0161ite odmah. Otvaramo uskoro...<\/span>\n\t\t\t\t\t<\/span>\n\t\t\t\t\t<\/a>\n\t\t\t\t\t\t\t\t<\/div>\n\t\t\t\t\t<\/div>\n\t\t\t\t<\/div>\n\t\t\t\t<\/div>\n\t\t<div class=\"elementor-element elementor-element-ecfaead e-flex e-con-boxed e-con e-child\" data-id=\"ecfaead\" data-element_type=\"container\" data-e-type=\"container\" data-settings=\"{&quot;background_background&quot;:&quot;classic&quot;}\">\n\t\t\t\t\t<div class=\"e-con-inner\">\n\t\t\t\t<div class=\"elementor-element elementor-element-7cbce9b gallery-spacing-custom elementor-widget elementor-widget-image-gallery\" data-id=\"7cbce9b\" data-element_type=\"widget\" data-e-type=\"widget\" data-widget_type=\"image-gallery.default\">\n\t\t\t\t\t\t\t<div class=\"elementor-image-gallery\">\n\t\t\t<div id='gallery-1' class='gallery galleryid-63 gallery-columns-3 gallery-size-full'><figure class='gallery-item'>\n\t\t\t<div class='gallery-icon landscape'>\n\t\t\t\t<a data-elementor-open-lightbox=\"yes\" data-elementor-lightbox-slideshow=\"7cbce9b\" data-elementor-lightbox-title=\"IMG_1590\" data-e-action-hash=\"#elementor-action%3Aaction%3Dlightbox%26settings%3DeyJpZCI6MjE4LCJ1cmwiOiJodHRwczpcL1wvcHJpbnppcC1yZXN0YXVyYW50LmNvbVwvd3AtY29udGVudFwvdXBsb2Fkc1wvMjAyNlwvMDRcL0lNR18xNTkwLmpwZWciLCJzbGlkZXNob3ciOiI3Y2JjZTliIn0%3D\" href='https:\/\/prinzip-restaurant.com\/wp-content\/uploads\/2026\/04\/IMG_1590.jpeg'><img fetchpriority=\"high\" decoding=\"async\" width=\"1600\" height=\"1200\" src=\"https:\/\/prinzip-restaurant.com\/wp-content\/uploads\/2026\/04\/IMG_1590.jpeg\" class=\"attachment-full size-full\" alt=\"\" srcset=\"https:\/\/prinzip-restaurant.com\/wp-content\/uploads\/2026\/04\/IMG_1590.jpeg 1600w, https:\/\/prinzip-restaurant.com\/wp-content\/uploads\/2026\/04\/IMG_1590-300x225.jpeg 300w, https:\/\/prinzip-restaurant.com\/wp-content\/uploads\/2026\/04\/IMG_1590-1024x768.jpeg 1024w, https:\/\/prinzip-restaurant.com\/wp-content\/uploads\/2026\/04\/IMG_1590-768x576.jpeg 768w, https:\/\/prinzip-restaurant.com\/wp-content\/uploads\/2026\/04\/IMG_1590-1536x1152.jpeg 1536w, https:\/\/prinzip-restaurant.com\/wp-content\/uploads\/2026\/04\/IMG_1590-16x12.jpeg 16w\" sizes=\"(max-width: 1600px) 100vw, 1600px\" \/><\/a>\n\t\t\t<\/div><\/figure><figure class='gallery-item'>\n\t\t\t<div class='gallery-icon landscape'>\n\t\t\t\t<a data-elementor-open-lightbox=\"yes\" data-elementor-lightbox-slideshow=\"7cbce9b\" data-elementor-lightbox-title=\"IMG_1595\" data-e-action-hash=\"#elementor-action%3Aaction%3Dlightbox%26settings%3DeyJpZCI6MjE5LCJ1cmwiOiJodHRwczpcL1wvcHJpbnppcC1yZXN0YXVyYW50LmNvbVwvd3AtY29udGVudFwvdXBsb2Fkc1wvMjAyNlwvMDRcL0lNR18xNTk1LmpwZWciLCJzbGlkZXNob3ciOiI3Y2JjZTliIn0%3D\" href='https:\/\/prinzip-restaurant.com\/wp-content\/uploads\/2026\/04\/IMG_1595.jpeg'><img decoding=\"async\" width=\"1600\" height=\"1200\" src=\"https:\/\/prinzip-restaurant.com\/wp-content\/uploads\/2026\/04\/IMG_1595.jpeg\" class=\"attachment-full size-full\" alt=\"\" srcset=\"https:\/\/prinzip-restaurant.com\/wp-content\/uploads\/2026\/04\/IMG_1595.jpeg 1600w, https:\/\/prinzip-restaurant.com\/wp-content\/uploads\/2026\/04\/IMG_1595-300x225.jpeg 300w, https:\/\/prinzip-restaurant.com\/wp-content\/uploads\/2026\/04\/IMG_1595-1024x768.jpeg 1024w, https:\/\/prinzip-restaurant.com\/wp-content\/uploads\/2026\/04\/IMG_1595-768x576.jpeg 768w, https:\/\/prinzip-restaurant.com\/wp-content\/uploads\/2026\/04\/IMG_1595-1536x1152.jpeg 1536w, https:\/\/prinzip-restaurant.com\/wp-content\/uploads\/2026\/04\/IMG_1595-16x12.jpeg 16w\" sizes=\"(max-width: 1600px) 100vw, 1600px\" \/><\/a>\n\t\t\t<\/div><\/figure><figure class='gallery-item'>\n\t\t\t<div class='gallery-icon landscape'>\n\t\t\t\t<a data-elementor-open-lightbox=\"yes\" data-elementor-lightbox-slideshow=\"7cbce9b\" data-elementor-lightbox-title=\"IMG_1597\" data-e-action-hash=\"#elementor-action%3Aaction%3Dlightbox%26settings%3DeyJpZCI6MjIwLCJ1cmwiOiJodHRwczpcL1wvcHJpbnppcC1yZXN0YXVyYW50LmNvbVwvd3AtY29udGVudFwvdXBsb2Fkc1wvMjAyNlwvMDRcL0lNR18xNTk3LmpwZWciLCJzbGlkZXNob3ciOiI3Y2JjZTliIn0%3D\" href='https:\/\/prinzip-restaurant.com\/wp-content\/uploads\/2026\/04\/IMG_1597.jpeg'><img decoding=\"async\" width=\"1600\" height=\"1200\" src=\"https:\/\/prinzip-restaurant.com\/wp-content\/uploads\/2026\/04\/IMG_1597.jpeg\" class=\"attachment-full size-full\" alt=\"\" srcset=\"https:\/\/prinzip-restaurant.com\/wp-content\/uploads\/2026\/04\/IMG_1597.jpeg 1600w, https:\/\/prinzip-restaurant.com\/wp-content\/uploads\/2026\/04\/IMG_1597-300x225.jpeg 300w, https:\/\/prinzip-restaurant.com\/wp-content\/uploads\/2026\/04\/IMG_1597-1024x768.jpeg 1024w, https:\/\/prinzip-restaurant.com\/wp-content\/uploads\/2026\/04\/IMG_1597-768x576.jpeg 768w, https:\/\/prinzip-restaurant.com\/wp-content\/uploads\/2026\/04\/IMG_1597-1536x1152.jpeg 1536w, https:\/\/prinzip-restaurant.com\/wp-content\/uploads\/2026\/04\/IMG_1597-16x12.jpeg 16w\" sizes=\"(max-width: 1600px) 100vw, 1600px\" \/><\/a>\n\t\t\t<\/div><\/figure>\n\t\t<\/div>\n\t\t<\/div>\n\t\t\t\t\t\t<\/div>\n\t\t\t\t\t<\/div>\n\t\t\t\t<\/div>\n\t\t\t\t<\/div>\n\t\t<div class=\"elementor-element elementor-element-4a1bc7c e-flex e-con-boxed e-con e-parent\" data-id=\"4a1bc7c\" data-element_type=\"container\" data-e-type=\"container\" data-settings=\"{&quot;background_background&quot;:&quot;classic&quot;}\">\n\t\t\t\t\t<div class=\"e-con-inner\">\n\t\t\t\t<div class=\"elementor-element elementor-element-6ca75c6 elementor-widget elementor-widget-heading\" data-id=\"6ca75c6\" data-element_type=\"widget\" data-e-type=\"widget\" data-widget_type=\"heading.default\">\n\t\t\t\t\t<h2 class=\"elementor-heading-title elementor-size-default\">Meni<\/h2>\t\t\t\t<\/div>\n\t\t\t\t<div class=\"elementor-element elementor-element-a709d83 elementor-align-center elementor-widget elementor-widget-button\" data-id=\"a709d83\" data-element_type=\"widget\" data-e-type=\"widget\" data-widget_type=\"button.default\">\n\t\t\t\t\t\t\t\t\t\t<a class=\"elementor-button elementor-button-link elementor-size-sm\" href=\"#elementor-action%3Aaction%3Dpopup%3Aopen%26settings%3DeyJpZCI6IjE2NCIsInRvZ2dsZSI6ZmFsc2V9\">\n\t\t\t\t\t\t<span class=\"elementor-button-content-wrapper\">\n\t\t\t\t\t\t\t\t\t<span class=\"elementor-button-text\">Pogledajte jelovnik<\/span>\n\t\t\t\t\t<\/span>\n\t\t\t\t\t<\/a>\n\t\t\t\t\t\t\t\t<\/div>\n\t\t\t\t\t<\/div>\n\t\t\t\t<\/div>\n\t\t<div class=\"elementor-element elementor-element-3fe4eeb e-con-full e-flex e-con e-parent\" data-id=\"3fe4eeb\" data-element_type=\"container\" data-e-type=\"container\" data-settings=\"{&quot;background_background&quot;:&quot;classic&quot;}\">\n\t\t\t\t<div class=\"elementor-element elementor-element-f63026e elementor-widget elementor-widget-heading\" data-id=\"f63026e\" data-element_type=\"widget\" data-e-type=\"widget\" data-widget_type=\"heading.default\">\n\t\t\t\t\t<h2 class=\"elementor-heading-title elementor-size-default\">O restoranu Princip<\/h2>\t\t\t\t<\/div>\n\t\t<div class=\"elementor-element elementor-element-c8ad82d e-grid e-con-boxed e-con e-child\" data-id=\"c8ad82d\" data-element_type=\"container\" data-e-type=\"container\">\n\t\t\t\t\t<div class=\"e-con-inner\">\n\t\t<div class=\"elementor-element elementor-element-544c070 e-con-full e-flex e-con e-child\" data-id=\"544c070\" data-element_type=\"container\" data-e-type=\"container\">\n\t\t\t\t<div class=\"elementor-element elementor-element-f63c434 elementor-widget elementor-widget-image\" data-id=\"f63c434\" data-element_type=\"widget\" data-e-type=\"widget\" data-widget_type=\"image.default\">\n\t\t\t\t\t\t\t\t\t\t\t\t\t\t\t<img loading=\"lazy\" decoding=\"async\" width=\"1200\" height=\"600\" src=\"https:\/\/prinzip-restaurant.com\/wp-content\/uploads\/2026\/04\/crw_1200h_600.webp\" class=\"attachment-full size-full wp-image-117\" alt=\"\" srcset=\"https:\/\/prinzip-restaurant.com\/wp-content\/uploads\/2026\/04\/crw_1200h_600.webp 1200w, https:\/\/prinzip-restaurant.com\/wp-content\/uploads\/2026\/04\/crw_1200h_600-300x150.webp 300w, https:\/\/prinzip-restaurant.com\/wp-content\/uploads\/2026\/04\/crw_1200h_600-1024x512.webp 1024w, https:\/\/prinzip-restaurant.com\/wp-content\/uploads\/2026\/04\/crw_1200h_600-768x384.webp 768w\" sizes=\"(max-width: 1200px) 100vw, 1200px\" \/>\t\t\t\t\t\t\t\t\t\t\t\t\t\t\t<\/div>\n\t\t\t\t<div class=\"elementor-element elementor-element-c1e76cb elementor-widget elementor-widget-heading\" data-id=\"c1e76cb\" data-element_type=\"widget\" data-e-type=\"widget\" data-widget_type=\"heading.default\">\n\t\t\t\t\t<h2 class=\"elementor-heading-title elementor-size-default\">Na\u0161a pri\u010da<\/h2>\t\t\t\t<\/div>\n\t\t\t\t<div class=\"elementor-element elementor-element-c37826f elementor-widget elementor-widget-text-editor\" data-id=\"c37826f\" data-element_type=\"widget\" data-e-type=\"widget\" data-widget_type=\"text-editor.default\">\n\t\t\t\t\t\t\t\t\t<p>U restoranu Prinzip vjerujemo u mo\u0107 svje\u017eih sastojaka i tradicionalnog zanatstva. Kao balkanski restoran, kombinujemo autenti\u010dnu balkansku kuhinju sa modernom gastronomijom i \u017eeljom da na\u0161im gostima ponudimo nezaboravno iskustvo. Otkrijte visokokvalitetnu kuhinju, elegantan ambijent i gostoljubivu atmosferu u restoranu Prinzip. Svakog petka i subote, va\u0161u posjetu upotpunjuje posebna balkanska muzika, \u010dine\u0107i ve\u010de zaista jedinstvenim iskustvom.<\/p>\t\t\t\t\t\t\t\t<\/div>\n\t\t\t\t<\/div>\n\t\t<div class=\"elementor-element elementor-element-1b57699 e-con-full e-flex e-con e-child\" data-id=\"1b57699\" data-element_type=\"container\" data-e-type=\"container\">\n\t\t\t\t<div class=\"elementor-element elementor-element-eb25884 elementor-widget elementor-widget-image\" data-id=\"eb25884\" data-element_type=\"widget\" data-e-type=\"widget\" data-widget_type=\"image.default\">\n\t\t\t\t\t\t\t\t\t\t\t\t\t\t\t<img loading=\"lazy\" decoding=\"async\" width=\"1200\" height=\"600\" src=\"https:\/\/prinzip-restaurant.com\/wp-content\/uploads\/2026\/04\/crw_1200h_600-1.webp\" class=\"attachment-full size-full wp-image-116\" alt=\"\" srcset=\"https:\/\/prinzip-restaurant.com\/wp-content\/uploads\/2026\/04\/crw_1200h_600-1.webp 1200w, https:\/\/prinzip-restaurant.com\/wp-content\/uploads\/2026\/04\/crw_1200h_600-1-300x150.webp 300w, https:\/\/prinzip-restaurant.com\/wp-content\/uploads\/2026\/04\/crw_1200h_600-1-1024x512.webp 1024w, https:\/\/prinzip-restaurant.com\/wp-content\/uploads\/2026\/04\/crw_1200h_600-1-768x384.webp 768w\" sizes=\"(max-width: 1200px) 100vw, 1200px\" \/>\t\t\t\t\t\t\t\t\t\t\t\t\t\t\t<\/div>\n\t\t\t\t<div class=\"elementor-element elementor-element-b28cb83 elementor-widget elementor-widget-heading\" data-id=\"b28cb83\" data-element_type=\"widget\" data-e-type=\"widget\" data-widget_type=\"heading.default\">\n\t\t\t\t\t<h2 class=\"elementor-heading-title elementor-size-default\">Na\u0161 tim<\/h2>\t\t\t\t<\/div>\n\t\t\t\t<div class=\"elementor-element elementor-element-375b1d2 elementor-widget elementor-widget-text-editor\" data-id=\"375b1d2\" data-element_type=\"widget\" data-e-type=\"widget\" data-widget_type=\"text-editor.default\">\n\t\t\t\t\t\t\t\t\t<p>Na\u0161 predani tim sastoji se od iskusnih kuhara i ljubaznog osoblja. Ponosni smo na stvaranje tople i gostoljubive atmosfere u kojoj se na\u0161i gosti mogu osje\u0107ati kao kod ku\u0107e.<\/p>\t\t\t\t\t\t\t\t<\/div>\n\t\t\t\t<\/div>\n\t\t\t\t\t<\/div>\n\t\t\t\t<\/div>\n\t\t<div class=\"elementor-element elementor-element-8829ce0 e-flex e-con-boxed e-con e-child\" data-id=\"8829ce0\" data-element_type=\"container\" data-e-type=\"container\">\n\t\t\t\t\t<div class=\"e-con-inner\">\n\t\t\t\t<div class=\"elementor-element elementor-element-25135a0 elementor-widget elementor-widget-heading\" data-id=\"25135a0\" data-element_type=\"widget\" data-e-type=\"widget\" data-widget_type=\"heading.default\">\n\t\t\t\t\t<h2 class=\"elementor-heading-title elementor-size-default\">Kontaktirajte nas<\/h2>\t\t\t\t<\/div>\n\t\t<div class=\"elementor-element elementor-element-db03476 e-con-full e-grid e-con e-child\" data-id=\"db03476\" data-element_type=\"container\" data-e-type=\"container\">\n\t\t<div class=\"elementor-element elementor-element-43cf58b e-con-full e-flex e-con e-child\" data-id=\"43cf58b\" data-element_type=\"container\" data-e-type=\"container\">\n\t\t\t\t<div class=\"elementor-element elementor-element-01076f5 elementor-widget elementor-widget-text-editor\" data-id=\"01076f5\" data-element_type=\"widget\" data-e-type=\"widget\" data-widget_type=\"text-editor.default\">\n\t\t\t\t\t\t\t\t\t<h4><strong>Drago nam je \u0161to smo tu za vas.<\/strong><\/h4><p>Visoko cijenimo na\u0161e kupce i drago nam je \u0161to posje\u0107ujete na\u0161u web stranicu. \u0160ta mo\u017eemo u\u010diniti za vas?<\/p><h4><strong>Restoran Prinzip<\/strong><\/h4><p><a href=\"https:\/\/maps.app.goo.gl\/CK5s3UHUHTcCrjaMA\" target=\"_blank\" rel=\"noopener\">Pettenkoferstra\u00dfe 2, 80336 M\u00fcnchen-Ludwigsvorstadt-Isarvorstadt, Deutschland<\/a><\/p><p><a href=\"mailto:info@prinzip-restaurant.com\">info@prinzip-restaurant.com<\/a><\/p>\t\t\t\t\t\t\t\t<\/div>\n\t\t\t\t<div class=\"elementor-element elementor-element-f49bc5b elementor-icon-list--layout-traditional elementor-list-item-link-full_width elementor-widget elementor-widget-icon-list\" data-id=\"f49bc5b\" data-element_type=\"widget\" data-e-type=\"widget\" data-widget_type=\"icon-list.default\">\n\t\t\t\t\t\t\t<ul class=\"elementor-icon-list-items\">\n\t\t\t\t\t\t\t<li class=\"elementor-icon-list-item\">\n\t\t\t\t\t\t\t\t\t\t\t<a href=\"https:\/\/www.instagram.com\/prinzipmuenchen?igsh=dWJnOW9kOWVlcm81\" target=\"_blank\" rel=\"noopener\">\n\n\t\t\t\t\t\t\t\t\t\t\t\t<span class=\"elementor-icon-list-icon\">\n\t\t\t\t\t\t\t<svg aria-hidden=\"true\" class=\"e-font-icon-svg e-fab-instagram\" viewbox=\"0 0 448 512\" xmlns=\"http:\/\/www.w3.org\/2000\/svg\"><path d=\"M224.1 141c-63.6 0-114.9 51.3-114.9 114.9s51.3 114.9 114.9 114.9S339 319.5 339 255.9 287.7 141 224.1 141zm0 189.6c-41.1 0-74.7-33.5-74.7-74.7s33.5-74.7 74.7-74.7 74.7 33.5 74.7 74.7-33.6 74.7-74.7 74.7zm146.4-194.3c0 14.9-12 26.8-26.8 26.8-14.9 0-26.8-12-26.8-26.8s12-26.8 26.8-26.8 26.8 12 26.8 26.8zm76.1 27.2c-1.7-35.9-9.9-67.7-36.2-93.9-26.2-26.2-58-34.4-93.9-36.2-37-2.1-147.9-2.1-184.9 0-35.8 1.7-67.6 9.9-93.9 36.1s-34.4 58-36.2 93.9c-2.1 37-2.1 147.9 0 184.9 1.7 35.9 9.9 67.7 36.2 93.9s58 34.4 93.9 36.2c37 2.1 147.9 2.1 184.9 0 35.9-1.7 67.7-9.9 93.9-36.2 26.2-26.2 34.4-58 36.2-93.9 2.1-37 2.1-147.8 0-184.8zM398.8 388c-7.8 19.6-22.9 34.7-42.6 42.6-29.5 11.7-99.5 9-132.1 9s-102.7 2.6-132.1-9c-19.6-7.8-34.7-22.9-42.6-42.6-11.7-29.5-9-99.5-9-132.1s-2.6-102.7 9-132.1c7.8-19.6 22.9-34.7 42.6-42.6 29.5-11.7 99.5-9 132.1-9s102.7-2.6 132.1 9c19.6 7.8 34.7 22.9 42.6 42.6 11.7 29.5 9 99.5 9 132.1s2.7 102.7-9 132.1z\"><\/path><\/svg>\t\t\t\t\t\t<\/span>\n\t\t\t\t\t\t\t\t\t\t<span class=\"elementor-icon-list-text\">Pratite nas na dru\u0161tvenim mre\u017eama<\/span>\n\t\t\t\t\t\t\t\t\t\t\t<\/a>\n\t\t\t\t\t\t\t\t\t<\/li>\n\t\t\t\t\t\t<\/ul>\n\t\t\t\t\t\t<\/div>\n\t\t\t\t<\/div>\n\t\t\t\t<\/div>\n\t\t\t\t<div class=\"elementor-element elementor-element-a214650 elementor-widget elementor-widget-button\" data-id=\"a214650\" data-element_type=\"widget\" data-e-type=\"widget\" data-widget_type=\"button.default\">\n\t\t\t\t\t\t\t\t\t\t<a class=\"elementor-button elementor-button-link elementor-size-sm\" href=\"tel:+49%201632633006\">\n\t\t\t\t\t\t<span class=\"elementor-button-content-wrapper\">\n\t\t\t\t\t\t\t\t\t<span class=\"elementor-button-text\">Rezervi\u0161ite odmah. Otvaramo uskoro...<\/span>\n\t\t\t\t\t<\/span>\n\t\t\t\t\t<\/a>\n\t\t\t\t\t\t\t\t<\/div>\n\t\t\t\t\t<\/div>\n\t\t\t\t<\/div>\n\t\t<div class=\"elementor-element elementor-element-8556c8a e-flex e-con-boxed e-con e-child\" data-id=\"8556c8a\" data-element_type=\"container\" data-e-type=\"container\">\n\t\t\t\t\t<div class=\"e-con-inner\">\n\t\t\t\t<div class=\"elementor-element elementor-element-d8dde47 elementor-widget elementor-widget-html\" data-id=\"d8dde47\" data-element_type=\"widget\" data-e-type=\"widget\" data-widget_type=\"html.default\">\n\t\t\t\t\t<iframe src=\"https:\/\/www.google.com\/maps\/embed?pb=!1m18!1m12!1m3!1d3408.1880281294466!2d11.562474112477293!3d48.13424325127256!2m3!1f0!2f0!3f0!3m2!1i1024!2i768!4f13.1!3m3!1m2!1s0x479ddf58ec0c09cd%3A0x9e0888abf99878be!2sPettenkoferstra%C3%9Fe%202%2C%2080336%20M%C3%BCnchen%2C%20Germany!5e1!3m2!1sen!2sba!4v1776415961998!5m2!1sen!2sba\" width=\"600\" height=\"450\" style=\"border:0;\" allowfullscreen=\"\" loading=\"lazy\" referrerpolicy=\"no-referrer-when-downgrade\"><\/iframe>\t\t\t\t<\/div>\n\t\t\t\t\t<\/div>\n\t\t\t\t<\/div>\n\t\t\t\t<\/div>\n\t\t\t\t<\/div>","protected":false},"excerpt":{"rendered":"<p>Aus Prinizip gut balkan essen\/musik Genie\u00dfen Sie besondere Gerichte in unserem Balkan Restaurant \u2013 in einer Atmosph\u00e4re, die verbindet, mit Balkan Musik und musikalischen Highlights jeden Freitag und Samstag. Jetzt Reservieren Coming soon.. Menu Schauen Sie sich die Speisekarte an \u00dcber Prinzip Restaurant Unsere Geschichte Bei Prinzip Restaurant glauben wir an die Kraft von frischen [&hellip;]<\/p>\n","protected":false},"author":1,"featured_media":0,"parent":0,"menu_order":0,"comment_status":"closed","ping_status":"closed","template":"elementor_header_footer","meta":{"footnotes":""},"class_list":["post-63","page","type-page","status-publish","hentry"],"_links":{"self":[{"href":"https:\/\/prinzip-restaurant.com\/balkanski\/wp-json\/wp\/v2\/pages\/63","targetHints":{"allow":["GET"]}}],"collection":[{"href":"https:\/\/prinzip-restaurant.com\/balkanski\/wp-json\/wp\/v2\/pages"}],"about":[{"href":"https:\/\/prinzip-restaurant.com\/balkanski\/wp-json\/wp\/v2\/types\/page"}],"author":[{"embeddable":true,"href":"https:\/\/prinzip-restaurant.com\/balkanski\/wp-json\/wp\/v2\/users\/1"}],"replies":[{"embeddable":true,"href":"https:\/\/prinzip-restaurant.com\/balkanski\/wp-json\/wp\/v2\/comments?post=63"}],"version-history":[{"count":100,"href":"https:\/\/prinzip-restaurant.com\/balkanski\/wp-json\/wp\/v2\/pages\/63\/revisions"}],"predecessor-version":[{"id":227,"href":"https:\/\/prinzip-restaurant.com\/balkanski\/wp-json\/wp\/v2\/pages\/63\/revisions\/227"}],"wp:attachment":[{"href":"https:\/\/prinzip-restaurant.com\/balkanski\/wp-json\/wp\/v2\/media?parent=63"}],"curies":[{"name":"wp","href":"https:\/\/api.w.org\/{rel}","templated":true}]}}